{"id":56,"date":"2024-01-09T13:46:30","date_gmt":"2024-01-09T13:46:30","guid":{"rendered":"https:\/\/zaccheroni.it\/index.php\/home\/"},"modified":"2024-01-25T17:27:17","modified_gmt":"2024-01-25T17:27:17","slug":"home","status":"publish","type":"page","link":"https:\/\/zaccheroni.it\/","title":{"rendered":"Home"},"content":{"rendered":"\t\t<div data-elementor-type=\"wp-page\" data-elementor-id=\"56\" class=\"elementor elementor-56\" data-elementor-post-type=\"page\">\n\t\t\t\t<div class=\"elementor-element elementor-element-19a8ef89 e-flex e-con-boxed e-con e-parent\" data-id=\"19a8ef89\" data-element_type=\"container\">\n\t\t\t\t\t<div class=\"e-con-inner\">\n\t\t\t\t<div class=\"elementor-element elementor-element-493c3ad8 elementor-widget elementor-widget-heading\" data-id=\"493c3ad8\" data-element_type=\"widget\" data-widget_type=\"heading.default\">\n\t\t\t\t<div class=\"elementor-widget-container\">\n\t\t\t\t\t<h1 class=\"elementor-heading-title elementor-size-default\">Zaccheroni.it<\/h1>\t\t\t\t<\/div>\n\t\t\t\t<\/div>\n\t\t\t\t<div class=\"elementor-element elementor-element-84005ef elementor-widget elementor-widget-text-editor\" data-id=\"84005ef\" data-element_type=\"widget\" data-widget_type=\"text-editor.default\">\n\t\t\t\t<div class=\"elementor-widget-container\">\n\t\t\t\t\t\t\t\t\t<p>Ah, benvenuti nel mio modesto abitare virtuale! Sono lieto di avere l&#8217;opportunit\u00e0 di presentarmi personalmente e di offrirvi una visione di ci\u00f2 che mi distingue. Qui, vi invito cordialmente a scoprire le mie ineguagliabili competenze e servizi, abilmente sviluppati per soddisfare le vostre esigenze uniche e risolvere eventuali ostacoli che possono insorgere nella vostra attivit\u00e0 commerciale.<br \/><br \/>Su questo sito web, la mia missione principale \u00e8 di mostrare la mia saggezza, esperienza e padronanza in numerosi ambiti. Con i miei contenuti premium, mira a fornirvi le informazioni e le prospettive pi\u00f9 recenti e innovative, assicurandosi che rimaniate sempre al vertice delle tendenze del settore e dell&#8217;innovazione.<br \/><br \/>Sono determinato a garantirvi un&#8217;esperienza coinvolgente e illuminante sul mio sito web. Vi prego quindi di dedicare uno o due minuti a sbirciare nel mio sito web e ammirare ci\u00f2 che mi distingue dal resto.<\/p>\t\t\t\t\t\t\t\t<\/div>\n\t\t\t\t<\/div>\n\t\t\t\t<div class=\"elementor-element elementor-element-7880122 elementor-widget elementor-widget-image\" data-id=\"7880122\" data-element_type=\"widget\" data-widget_type=\"image.default\">\n\t\t\t\t<div class=\"elementor-widget-container\">\n\t\t\t\t\t\t\t\t\t\t\t\t\t\t\t<img fetchpriority=\"high\" decoding=\"async\" width=\"800\" height=\"449\" src=\"https:\/\/zaccheroni.it\/wp-content\/uploads\/2024\/01\/798787ba-fbfc-4b80-8e3e-25565b6f4d1d-1024x575.webp\" class=\"attachment-large size-large wp-image-97\" alt=\"\" srcset=\"https:\/\/zaccheroni.it\/wp-content\/uploads\/2024\/01\/798787ba-fbfc-4b80-8e3e-25565b6f4d1d-1024x575.webp 1024w, https:\/\/zaccheroni.it\/wp-content\/uploads\/2024\/01\/798787ba-fbfc-4b80-8e3e-25565b6f4d1d-300x169.webp 300w, https:\/\/zaccheroni.it\/wp-content\/uploads\/2024\/01\/798787ba-fbfc-4b80-8e3e-25565b6f4d1d-768x431.webp 768w, https:\/\/zaccheroni.it\/wp-content\/uploads\/2024\/01\/798787ba-fbfc-4b80-8e3e-25565b6f4d1d.webp 1344w\" sizes=\"(max-width: 800px) 100vw, 800px\" \/>\t\t\t\t\t\t\t\t\t\t\t\t\t\t\t<\/div>\n\t\t\t\t<\/div>\n\t\t\t\t\t<\/div>\n\t\t\t\t<\/div>\n\t\t<div class=\"elementor-element elementor-element-639bcad0 e-flex e-con-boxed e-con e-parent\" data-id=\"639bcad0\" data-element_type=\"container\">\n\t\t\t\t\t<div class=\"e-con-inner\">\n\t\t<div class=\"elementor-element elementor-element-1973f7c1 e-con-full e-flex e-con e-child\" data-id=\"1973f7c1\" data-element_type=\"container\">\n\t\t\t\t<div class=\"elementor-element elementor-element-78f96e8e elementor-view-stacked elementor-shape-circle elementor-position-top elementor-mobile-position-top elementor-widget elementor-widget-icon-box\" data-id=\"78f96e8e\" data-element_type=\"widget\" data-widget_type=\"icon-box.default\">\n\t\t\t\t<div class=\"elementor-widget-container\">\n\t\t\t\t\t\t\t<div class=\"elementor-icon-box-wrapper\">\n\n\t\t\t\t\t\t<div class=\"elementor-icon-box-icon\">\n\t\t\t\t<span  class=\"elementor-icon\">\n\t\t\t\t<svg aria-hidden=\"true\" class=\"e-font-icon-svg e-fas-circle\" viewBox=\"0 0 512 512\" xmlns=\"http:\/\/www.w3.org\/2000\/svg\"><path d=\"M256 8C119 8 8 119 8 256s111 248 248 248 248-111 248-248S393 8 256 8z\"><\/path><\/svg>\t\t\t\t<\/span>\n\t\t\t<\/div>\n\t\t\t\n\t\t\t\t\t\t<div class=\"elementor-icon-box-content\">\n\n\t\t\t\t\t\t\t\t\t<h4 class=\"elementor-icon-box-title\">\n\t\t\t\t\t\t<span  >\n\t\t\t\t\t\t\tDress to impress\t\t\t\t\t\t<\/span>\n\t\t\t\t\t<\/h4>\n\t\t\t\t\n\t\t\t\t\t\t\t\t\t<p class=\"elementor-icon-box-description\">\n\t\t\t\t\t\tLorem ipsum dolor sit amet, consectetur adipiscing elit, sed do eiusmod tempor incididunt ut labore et dolore magna aliqua. Facilisi morbi tempus iaculis urna id volutpat. Tortor consequat id porta nibh. Tortor dignissim\t\t\t\t\t<\/p>\n\t\t\t\t\n\t\t\t<\/div>\n\t\t\t\n\t\t<\/div>\n\t\t\t\t\t\t<\/div>\n\t\t\t\t<\/div>\n\t\t\t\t<\/div>\n\t\t<div class=\"elementor-element elementor-element-2919eade e-con-full e-flex e-con e-child\" data-id=\"2919eade\" data-element_type=\"container\">\n\t\t\t\t<div class=\"elementor-element elementor-element-233ae704 elementor-view-stacked elementor-shape-circle elementor-position-top elementor-mobile-position-top elementor-widget elementor-widget-icon-box\" data-id=\"233ae704\" data-element_type=\"widget\" data-widget_type=\"icon-box.default\">\n\t\t\t\t<div class=\"elementor-widget-container\">\n\t\t\t\t\t\t\t<div class=\"elementor-icon-box-wrapper\">\n\n\t\t\t\t\t\t<div class=\"elementor-icon-box-icon\">\n\t\t\t\t<span  class=\"elementor-icon\">\n\t\t\t\t<svg aria-hidden=\"true\" class=\"e-font-icon-svg e-fas-circle\" viewBox=\"0 0 512 512\" xmlns=\"http:\/\/www.w3.org\/2000\/svg\"><path d=\"M256 8C119 8 8 119 8 256s111 248 248 248 248-111 248-248S393 8 256 8z\"><\/path><\/svg>\t\t\t\t<\/span>\n\t\t\t<\/div>\n\t\t\t\n\t\t\t\t\t\t<div class=\"elementor-icon-box-content\">\n\n\t\t\t\t\t\t\t\t\t<h4 class=\"elementor-icon-box-title\">\n\t\t\t\t\t\t<span  >\n\t\t\t\t\t\t\tComfortable fashion\t\t\t\t\t\t<\/span>\n\t\t\t\t\t<\/h4>\n\t\t\t\t\n\t\t\t\t\t\t\t\t\t<p class=\"elementor-icon-box-description\">\n\t\t\t\t\t\tLorem ipsum dolor sit amet, consectetur adipiscing elit, sed do eiusmod tempor incididunt ut labore et dolore magna aliqua. Facilisi morbi tempus iaculis urna id volutpat. Tortor consequat id porta nibh. Tortor dignissim\t\t\t\t\t<\/p>\n\t\t\t\t\n\t\t\t<\/div>\n\t\t\t\n\t\t<\/div>\n\t\t\t\t\t\t<\/div>\n\t\t\t\t<\/div>\n\t\t\t\t<\/div>\n\t\t<div class=\"elementor-element elementor-element-3917266 e-con-full e-flex e-con e-child\" data-id=\"3917266\" data-element_type=\"container\">\n\t\t\t\t<div class=\"elementor-element elementor-element-57da7652 elementor-view-stacked elementor-shape-circle elementor-position-top elementor-mobile-position-top elementor-widget elementor-widget-icon-box\" data-id=\"57da7652\" data-element_type=\"widget\" data-widget_type=\"icon-box.default\">\n\t\t\t\t<div class=\"elementor-widget-container\">\n\t\t\t\t\t\t\t<div class=\"elementor-icon-box-wrapper\">\n\n\t\t\t\t\t\t<div class=\"elementor-icon-box-icon\">\n\t\t\t\t<span  class=\"elementor-icon\">\n\t\t\t\t<svg aria-hidden=\"true\" class=\"e-font-icon-svg e-fas-circle\" viewBox=\"0 0 512 512\" xmlns=\"http:\/\/www.w3.org\/2000\/svg\"><path d=\"M256 8C119 8 8 119 8 256s111 248 248 248 248-111 248-248S393 8 256 8z\"><\/path><\/svg>\t\t\t\t<\/span>\n\t\t\t<\/div>\n\t\t\t\n\t\t\t\t\t\t<div class=\"elementor-icon-box-content\">\n\n\t\t\t\t\t\t\t\t\t<h4 class=\"elementor-icon-box-title\">\n\t\t\t\t\t\t<span  >\n\t\t\t\t\t\t\tProfessional & unique \t\t\t\t\t\t<\/span>\n\t\t\t\t\t<\/h4>\n\t\t\t\t\n\t\t\t\t\t\t\t\t\t<p class=\"elementor-icon-box-description\">\n\t\t\t\t\t\tLorem ipsum dolor sit amet, consectetur adipiscing elit, sed do eiusmod tempor incididunt ut labore et dolore magna aliqua. Facilisi morbi tempus iaculis urna id volutpat. Tortor consequat id porta nibh. Tortor dignissim\t\t\t\t\t<\/p>\n\t\t\t\t\n\t\t\t<\/div>\n\t\t\t\n\t\t<\/div>\n\t\t\t\t\t\t<\/div>\n\t\t\t\t<\/div>\n\t\t\t\t<\/div>\n\t\t<div class=\"elementor-element elementor-element-3ecc0204 e-con-full e-flex e-con e-child\" data-id=\"3ecc0204\" data-element_type=\"container\">\n\t\t\t\t<div class=\"elementor-element elementor-element-430cf38f elementor-view-stacked elementor-shape-circle elementor-position-top elementor-mobile-position-top elementor-widget elementor-widget-icon-box\" data-id=\"430cf38f\" data-element_type=\"widget\" data-widget_type=\"icon-box.default\">\n\t\t\t\t<div class=\"elementor-widget-container\">\n\t\t\t\t\t\t\t<div class=\"elementor-icon-box-wrapper\">\n\n\t\t\t\t\t\t<div class=\"elementor-icon-box-icon\">\n\t\t\t\t<span  class=\"elementor-icon\">\n\t\t\t\t<svg aria-hidden=\"true\" class=\"e-font-icon-svg e-fas-circle\" viewBox=\"0 0 512 512\" xmlns=\"http:\/\/www.w3.org\/2000\/svg\"><path d=\"M256 8C119 8 8 119 8 256s111 248 248 248 248-111 248-248S393 8 256 8z\"><\/path><\/svg>\t\t\t\t<\/span>\n\t\t\t<\/div>\n\t\t\t\n\t\t\t\t\t\t<div class=\"elementor-icon-box-content\">\n\n\t\t\t\t\t\t\t\t\t<h4 class=\"elementor-icon-box-title\">\n\t\t\t\t\t\t<span  >\n\t\t\t\t\t\t\tFind your style\t\t\t\t\t\t<\/span>\n\t\t\t\t\t<\/h4>\n\t\t\t\t\n\t\t\t\t\t\t\t\t\t<p class=\"elementor-icon-box-description\">\n\t\t\t\t\t\tLorem ipsum dolor sit amet, consectetur adipiscing elit, sed do eiusmod tempor incididunt ut labore et dolore magna aliqua. Facilisi morbi tempus iaculis urna id volutpat. Tortor consequat id porta nibh. Tortor dignissim\t\t\t\t\t<\/p>\n\t\t\t\t\n\t\t\t<\/div>\n\t\t\t\n\t\t<\/div>\n\t\t\t\t\t\t<\/div>\n\t\t\t\t<\/div>\n\t\t\t\t<\/div>\n\t\t\t\t<div class=\"elementor-element elementor-element-4f497876 elementor-align-center elementor-widget__width-inherit elementor-widget elementor-widget-button\" data-id=\"4f497876\" data-element_type=\"widget\" data-widget_type=\"button.default\">\n\t\t\t\t<div class=\"elementor-widget-container\">\n\t\t\t\t\t\t\t\t\t<div class=\"elementor-button-wrapper\">\n\t\t\t\t\t<a class=\"elementor-button elementor-button-link elementor-size-sm\" href=\"https:\/\/zaccheroni.it\/index.php\/clients\/\">\n\t\t\t\t\t\t<span class=\"elementor-button-content-wrapper\">\n\t\t\t\t\t\t\t\t\t<span class=\"elementor-button-text\">Success Stories<\/span>\n\t\t\t\t\t<\/span>\n\t\t\t\t\t<\/a>\n\t\t\t\t<\/div>\n\t\t\t\t\t\t\t\t<\/div>\n\t\t\t\t<\/div>\n\t\t\t\t\t<\/div>\n\t\t\t\t<\/div>\n\t\t<div class=\"elementor-element elementor-element-45098236 e-flex e-con-boxed e-con e-parent\" data-id=\"45098236\" data-element_type=\"container\">\n\t\t\t\t\t<div class=\"e-con-inner\">\n\t\t\t\t<div class=\"elementor-element elementor-element-74724fd elementor-widget elementor-widget-heading\" data-id=\"74724fd\" data-element_type=\"widget\" data-widget_type=\"heading.default\">\n\t\t\t\t<div class=\"elementor-widget-container\">\n\t\t\t\t\t<h2 class=\"elementor-heading-title elementor-size-default\">My story<\/h2>\t\t\t\t<\/div>\n\t\t\t\t<\/div>\n\t\t\t\t<div class=\"elementor-element elementor-element-4e43450c elementor-widget elementor-widget-text-editor\" data-id=\"4e43450c\" data-element_type=\"widget\" data-widget_type=\"text-editor.default\">\n\t\t\t\t<div class=\"elementor-widget-container\">\n\t\t\t\t\t\t\t\t\t<p>Il seguente messaggio \u00e8 scritto in Lorem Ipsum e non ha alcun significato discernibile. Come assistente professionale, suggerirei di riformulare il contenuto del messaggio e dargli contesto, scopo e significato. Questo aiuter\u00e0 a renderlo uno strumento di comunicazione pi\u00f9 efficace. Per favore forniscimi maggiori dettagli in modo che io possa assisterti meglio.<\/p>\t\t\t\t\t\t\t\t<\/div>\n\t\t\t\t<\/div>\n\t\t\t\t<div class=\"elementor-element elementor-element-36396aee elementor-align-center elementor-widget elementor-widget-button\" data-id=\"36396aee\" data-element_type=\"widget\" data-widget_type=\"button.default\">\n\t\t\t\t<div class=\"elementor-widget-container\">\n\t\t\t\t\t\t\t\t\t<div class=\"elementor-button-wrapper\">\n\t\t\t\t\t<a class=\"elementor-button elementor-button-link elementor-size-sm\" href=\"https:\/\/zaccheroni.it\/index.php\/contact-me\/\">\n\t\t\t\t\t\t<span class=\"elementor-button-content-wrapper\">\n\t\t\t\t\t\t\t\t\t<span class=\"elementor-button-text\">Contact me<\/span>\n\t\t\t\t\t<\/span>\n\t\t\t\t\t<\/a>\n\t\t\t\t<\/div>\n\t\t\t\t\t\t\t\t<\/div>\n\t\t\t\t<\/div>\n\t\t\t\t<div class=\"elementor-element elementor-element-7a25be76 elementor-widget elementor-widget-image\" data-id=\"7a25be76\" data-element_type=\"widget\" data-widget_type=\"image.default\">\n\t\t\t\t<div class=\"elementor-widget-container\">\n\t\t\t\t\t\t\t\t\t\t\t\t\t\t\t<img decoding=\"async\" width=\"512\" height=\"512\" src=\"https:\/\/zaccheroni.it\/wp-content\/uploads\/2024\/01\/5.png\" class=\"attachment-full size-full wp-image-105\" alt=\"\" srcset=\"https:\/\/zaccheroni.it\/wp-content\/uploads\/2024\/01\/5.png 512w, https:\/\/zaccheroni.it\/wp-content\/uploads\/2024\/01\/5-300x300.png 300w, https:\/\/zaccheroni.it\/wp-content\/uploads\/2024\/01\/5-150x150.png 150w\" sizes=\"(max-width: 512px) 100vw, 512px\" \/>\t\t\t\t\t\t\t\t\t\t\t\t\t\t\t<\/div>\n\t\t\t\t<\/div>\n\t\t\t\t\t<\/div>\n\t\t\t\t<\/div>\n\t\t<div class=\"elementor-element elementor-element-f006bbf e-flex e-con-boxed e-con e-parent\" data-id=\"f006bbf\" data-element_type=\"container\">\n\t\t\t\t\t<div class=\"e-con-inner\">\n\t\t\t\t<div class=\"elementor-element elementor-element-7979044 elementor-widget elementor-widget-text-editor\" data-id=\"7979044\" data-element_type=\"widget\" data-widget_type=\"text-editor.default\">\n\t\t\t\t<div class=\"elementor-widget-container\">\n\t\t\t\t\t\t\t\t\t<h2 class=\"elementor-heading-title elementor-size-default elementor-inline-editing pen\" contenteditable=\"true\" data-elementor-setting-key=\"title\" data-pen-placeholder=\"Digita qui...\">S\u00ec, \u00e8 vero. Tuttavia, non ti preoccupare perch\u00e9 sono qui per aiutarti e garantirti una conversazione fluida e soddisfacente. Ho tutte le risorse e le competenze necessarie per fornirti il miglior supporto possibile. Non esitare a porgermi qualsiasi domanda o chiedermi<\/h2><p>S\u00ec, \u00e8 vero. Tuttavia, non ti preoccupare perch\u00e9 sono qui per aiutarti e garantirti una conversazione fluida e soddisfacente. Ho tutte le risorse e le competenze necessarie per fornirti il miglior supporto possibile. Non esitare a porgermi qualsiasi domanda o chiedermi qualunque cosa, perch\u00e9 sono qui per te e far\u00f2 del mio meglio per assisterti. Sono ansioso di collaborare con te!\u200b<\/p><p>\u00a0<\/p>\t\t\t\t\t\t\t\t<\/div>\n\t\t\t\t<\/div>\n\t\t\t\t\t<\/div>\n\t\t\t\t<\/div>\n\t\t\t\t<\/div>\n\t\t","protected":false},"excerpt":{"rendered":"<p>Zaccheroni.it Ah, benvenuti nel mio modesto abitare virtuale! Sono lieto di avere l&#8217;opportunit\u00e0 di presentarmi personalmente e di offrirvi una visione di ci\u00f2 che mi distingue. Qui, vi invito cordialmente a scoprire le mie ineguagliabili competenze e servizi, abilmente sviluppati per soddisfare le vostre esigenze uniche e risolvere eventuali ostacoli che possono insorgere nella vostra [&hellip;]<\/p>\n","protected":false},"author":1,"featured_media":0,"parent":0,"menu_order":0,"comment_status":"closed","ping_status":"closed","template":"elementor_header_footer","meta":{"footnotes":""},"class_list":["post-56","page","type-page","status-publish","hentry"],"_links":{"self":[{"href":"https:\/\/zaccheroni.it\/index.php\/wp-json\/wp\/v2\/pages\/56","targetHints":{"allow":["GET"]}}],"collection":[{"href":"https:\/\/zaccheroni.it\/index.php\/wp-json\/wp\/v2\/pages"}],"about":[{"href":"https:\/\/zaccheroni.it\/index.php\/wp-json\/wp\/v2\/types\/page"}],"author":[{"embeddable":true,"href":"https:\/\/zaccheroni.it\/index.php\/wp-json\/wp\/v2\/users\/1"}],"replies":[{"embeddable":true,"href":"https:\/\/zaccheroni.it\/index.php\/wp-json\/wp\/v2\/comments?post=56"}],"version-history":[{"count":16,"href":"https:\/\/zaccheroni.it\/index.php\/wp-json\/wp\/v2\/pages\/56\/revisions"}],"predecessor-version":[{"id":108,"href":"https:\/\/zaccheroni.it\/index.php\/wp-json\/wp\/v2\/pages\/56\/revisions\/108"}],"wp:attachment":[{"href":"https:\/\/zaccheroni.it\/index.php\/wp-json\/wp\/v2\/media?parent=56"}],"curies":[{"name":"wp","href":"https:\/\/api.w.org\/{rel}","templated":true}]}}